{"id":490,"date":"2020-08-10T08:56:59","date_gmt":"2020-08-10T08:56:59","guid":{"rendered":"http:\/\/grada.wp\/vara\/?page_id=490"},"modified":"2022-03-08T17:47:25","modified_gmt":"2022-03-08T17:47:25","slug":"sobre","status":"publish","type":"page","link":"https:\/\/joaocoutinhoarquitectura.com\/?page_id=490","title":{"rendered":"Sobre"},"content":{"rendered":"\t\t<div data-elementor-type=\"wp-page\" data-elementor-id=\"490\" class=\"elementor elementor-490\" data-elementor-settings=\"[]\">\n\t\t\t\t\t\t\t<div class=\"elementor-section-wrap\">\n\t\t\t\t\t\t\t<section class=\"elementor-section elementor-top-section elementor-element elementor-element-3f3eb66 elementor-section-boxed elementor-section-height-default elementor-section-height-default gs-locked-section-no\" data-id=\"3f3eb66\" data-element_type=\"section\">\n\t\t\t\t\t\t<div class=\"elementor-container elementor-column-gap-default\">\n\t\t\t\t\t<div class=\"elementor-column elementor-col-100 elementor-top-column elementor-element elementor-element-fdf6591\" data-id=\"fdf6591\" data-element_type=\"column\">\n\t\t\t<div class=\"elementor-widget-wrap elementor-element-populated\">\n\t\t\t\t\t\t\t\t<section class=\"elementor-section elementor-inner-section elementor-element elementor-element-fbdc327 elementor-section-content-middle elementor-section-boxed elementor-section-height-default elementor-section-height-default gs-locked-section-no\" data-id=\"fbdc327\" data-element_type=\"section\">\n\t\t\t\t\t\t<div class=\"elementor-container elementor-column-gap-wider\">\n\t\t\t\t\t<div class=\"elementor-column elementor-col-50 elementor-inner-column elementor-element elementor-element-d3a787a\" data-id=\"d3a787a\" data-element_type=\"column\">\n\t\t\t<div class=\"elementor-widget-wrap elementor-element-populated\">\n\t\t\t\t\t\t\t\t<div class=\"elementor-element elementor-element-09f7ac6 elementor-widget elementor-widget-image\" data-id=\"09f7ac6\" data-element_type=\"widget\" data-widget_type=\"image.default\">\n\t\t\t\t<div class=\"elementor-widget-container\">\n\t\t\t\t\t\t\t\t\t\t\t\t\t\t\t<img loading=\"lazy\" decoding=\"async\" width=\"500\" height=\"700\" src=\"https:\/\/joaocoutinhoarquitectura.com\/wp-content\/uploads\/2021\/08\/Imagem_Sobre-500x700.jpg\" class=\"attachment-grada-img-size-tall size-grada-img-size-tall\" alt=\"\" srcset=\"https:\/\/joaocoutinhoarquitectura.com\/wp-content\/uploads\/2021\/08\/Imagem_Sobre-500x700.jpg 500w, https:\/\/joaocoutinhoarquitectura.com\/wp-content\/uploads\/2021\/08\/Imagem_Sobre-214x300.jpg 214w, https:\/\/joaocoutinhoarquitectura.com\/wp-content\/uploads\/2021\/08\/Imagem_Sobre-731x1024.jpg 731w, https:\/\/joaocoutinhoarquitectura.com\/wp-content\/uploads\/2021\/08\/Imagem_Sobre-768x1075.jpg 768w, https:\/\/joaocoutinhoarquitectura.com\/wp-content\/uploads\/2021\/08\/Imagem_Sobre-1097x1536.jpg 1097w, https:\/\/joaocoutinhoarquitectura.com\/wp-content\/uploads\/2021\/08\/Imagem_Sobre-1463x2048.jpg 1463w, https:\/\/joaocoutinhoarquitectura.com\/wp-content\/uploads\/2021\/08\/Imagem_Sobre-600x840.jpg 600w, https:\/\/joaocoutinhoarquitectura.com\/wp-content\/uploads\/2021\/08\/Imagem_Sobre-scaled.jpg 1829w\" sizes=\"auto, (max-width: 500px) 100vw, 500px\" \/>\t\t\t\t\t\t\t\t\t\t\t\t\t\t\t<\/div>\n\t\t\t\t<\/div>\n\t\t\t\t\t<\/div>\n\t\t<\/div>\n\t\t\t\t<div class=\"elementor-column elementor-col-50 elementor-inner-column elementor-element elementor-element-622db69\" data-id=\"622db69\" data-element_type=\"column\">\n\t\t\t<div class=\"elementor-widget-wrap elementor-element-populated\">\n\t\t\t\t\t\t\t\t<div class=\"elementor-element elementor-element-a8323be elementor-widget elementor-widget-heading\" data-id=\"a8323be\" data-element_type=\"widget\" data-widget_type=\"heading.default\">\n\t\t\t\t<div class=\"elementor-widget-container\">\n\t\t\t<h2 class=\"elementor-heading-title elementor-size-small\">all projects are born equal<\/h2>\t\t<\/div>\n\t\t\t\t<\/div>\n\t\t\t\t<div class=\"elementor-element elementor-element-cbd6744 elementor-widget-divider--separator-type-pattern elementor-widget-divider--view-line elementor-widget elementor-widget-divider\" data-id=\"cbd6744\" data-element_type=\"widget\" data-widget_type=\"divider.default\">\n\t\t\t\t<div class=\"elementor-widget-container\">\n\t\t\t\t\t<div class=\"elementor-divider\" style=\"--divider-pattern-url: url(&quot;data:image\/svg+xml,%3Csvg xmlns=&#039;http:\/\/www.w3.org\/2000\/svg&#039; preserveAspectRatio=&#039;none&#039; overflow=&#039;visible&#039; height=&#039;100%&#039; viewBox=&#039;0 0 20 16&#039; fill=&#039;none&#039; stroke=&#039;black&#039; stroke-width=&#039;1&#039; stroke-linecap=&#039;square&#039; stroke-miterlimit=&#039;10&#039;%3E%3Cg transform=&#039;translate(-12.000000, 0)&#039;%3E%3Cpath d=&#039;M28,0L10,18&#039;\/%3E%3Cpath d=&#039;M18,0L0,18&#039;\/%3E%3Cpath d=&#039;M48,0L30,18&#039;\/%3E%3Cpath d=&#039;M38,0L20,18&#039;\/%3E%3C\/g%3E%3C\/svg%3E&quot;);\">\n\t\t\t<span class=\"elementor-divider-separator\">\n\t\t\t\t\t\t<\/span>\n\t\t<\/div>\n\t\t\t\t<\/div>\n\t\t\t\t<\/div>\n\t\t\t\t<div class=\"elementor-element elementor-element-3e519f1 elementor-widget elementor-widget-text-editor\" data-id=\"3e519f1\" data-element_type=\"widget\" data-widget_type=\"text-editor.default\">\n\t\t\t\t<div class=\"elementor-widget-container\">\n\t\t\t\t\t\t\t\t<p class=\"MsoNormal\"><span style=\"font-size: 12.0pt; line-height: 107%; font-family: 'Roboto Light'; mso-fareast-language: PT; mso-no-proof: yes;\">Natural de <b>Leiria<\/b>, onde nasci em 1977, fiz a forma\u00e7\u00e3o escolar na <b>Marinha Grande<\/b>, onde cresci e vivi na inf\u00e2ncia e adolesc\u00eancia. Aos 18 anos parti para Lisboa, tendo ingressado na <b>Faculdade de Arquitectura da Universidade T\u00e9cnica de Lisboa<\/b>, na Licenciatura em <b>Arquitectura de Planeamento Urbano e Territorial<\/b>.<\/span><\/p>\n<p class=\"MsoNormal\"><span style=\"font-size: 12.0pt; line-height: 107%; font-family: 'Roboto Light'; mso-fareast-language: PT; mso-no-proof: yes;\">A partir de uma forma\u00e7\u00e3o inicial mais focada no urbanismo, a experi\u00eancia profissional trouxe-me gradualmente um maior contacto com a arquitectura, embora as disciplinas n\u00e3o estejam separadas.<\/span><\/p>\n<p class=\"MsoNormal\"><span style=\"font-size: 12.0pt; line-height: 107%; font-family: 'Roboto Light'; mso-fareast-language: PT; mso-no-proof: yes;\">Neste momento estou a residir na zona centro, novamente, ap\u00f3s uma experi\u00eancia de 25 anos em Lisboa, tirando partido do contexto laboral actual, e do facto de o nosso pa\u00eds ser pequeno e facilmente acess\u00edvel a partir do seu centro.<\/span><\/p>\n<p class=\"MsoNormal\"><span style=\"font-size: 12.0pt; line-height: 107%; font-family: 'Roboto Light'; mso-fareast-language: PT; mso-no-proof: yes;\">Interessam-me, para al\u00e9m da arquitectura, o desenho mais l\u00fadico, a ilustra\u00e7\u00e3o, a m\u00fasica e as viagens, \u00e1reas com que me relaciono mais frequentemente.<\/span><\/p>\n<p><span style=\"font-size: 12.0pt; line-height: 107%; font-family: 'Roboto Light'; mso-fareast-font-family: Calibri; mso-fareast-theme-font: minor-latin; mso-bidi-font-family: 'Times New Roman'; mso-bidi-theme-font: minor-bidi; mso-ansi-language: PT; mso-fareast-language: PT; mso-bidi-language: AR-SA; mso-no-proof: yes;\"><span style=\"font-weight: normal;\">Trabalho em estreita colabora\u00e7\u00e3o com parceiros e clientes, baseado em princ\u00edpios de confian\u00e7a e responsabilidade, tentando, sempre que poss\u00edvel, levar mais al\u00e9m aquilo que \u00e9 o desafio colocado \u00e0 p<\/span>artida.<\/span><\/p>\t\t\t\t\t\t<\/div>\n\t\t\t\t<\/div>\n\t\t\t\t\t<\/div>\n\t\t<\/div>\n\t\t\t\t\t\t\t<\/div>\n\t\t<\/section>\n\t\t\t\t\t<\/div>\n\t\t<\/div>\n\t\t\t\t\t\t\t<\/div>\n\t\t<\/section>\n\t\t\t\t\t\t<\/div>\n\t\t\t\t\t<\/div>\n\t\t","protected":false},"excerpt":{"rendered":"<p>all projects are born equal Natural de Leiria, onde nasci em 1977, fiz a forma\u00e7\u00e3o escolar na Marinha Grande, onde cresci e vivi&#8230;<\/p>\n","protected":false},"author":1,"featured_media":0,"parent":0,"menu_order":0,"comment_status":"closed","ping_status":"closed","template":"","meta":{"footnotes":""},"class_list":["post-490","page","type-page","status-publish","hentry"],"acf":[],"_links":{"self":[{"href":"https:\/\/joaocoutinhoarquitectura.com\/index.php?rest_route=\/wp\/v2\/pages\/490","targetHints":{"allow":["GET"]}}],"collection":[{"href":"https:\/\/joaocoutinhoarquitectura.com\/index.php?rest_route=\/wp\/v2\/pages"}],"about":[{"href":"https:\/\/joaocoutinhoarquitectura.com\/index.php?rest_route=\/wp\/v2\/types\/page"}],"author":[{"embeddable":true,"href":"https:\/\/joaocoutinhoarquitectura.com\/index.php?rest_route=\/wp\/v2\/users\/1"}],"replies":[{"embeddable":true,"href":"https:\/\/joaocoutinhoarquitectura.com\/index.php?rest_route=%2Fwp%2Fv2%2Fcomments&post=490"}],"version-history":[{"count":20,"href":"https:\/\/joaocoutinhoarquitectura.com\/index.php?rest_route=\/wp\/v2\/pages\/490\/revisions"}],"predecessor-version":[{"id":2619,"href":"https:\/\/joaocoutinhoarquitectura.com\/index.php?rest_route=\/wp\/v2\/pages\/490\/revisions\/2619"}],"wp:attachment":[{"href":"https:\/\/joaocoutinhoarquitectura.com\/index.php?rest_route=%2Fwp%2Fv2%2Fmedia&parent=490"}],"curies":[{"name":"wp","href":"https:\/\/api.w.org\/{rel}","templated":true}]}}